{"id":12,"date":"2020-07-28T13:40:41","date_gmt":"2020-07-28T11:40:41","guid":{"rendered":"https:\/\/we4all.eu\/?page_id=12"},"modified":"2024-02-12T17:28:33","modified_gmt":"2024-02-12T16:28:33","slug":"impressum","status":"publish","type":"page","link":"https:\/\/we4all.eu\/en\/impressum\/","title":{"rendered":"Imprint"},"content":{"rendered":"<h3><b><\/b><b><span data-contrast=\"auto\">Angaben gem\u00e4\u00df \u00a7 5 TMG<\/span><\/b><span data-ccp-props=\"{}\">\u00a0<\/span><\/h3>\n<p><strong>Gesch\u00e4ftsadresse<\/strong><\/p>\n<p><span data-contrast=\"auto\">WE4ALL UG (haftungsbeschr\u00e4nkt) <\/span><br \/>\n<span data-contrast=\"auto\">Ella-Barowsky-Stra\u00dfe 69<\/span><br \/>\n<span data-contrast=\"auto\">10829 Berlin<\/span><span data-ccp-props=\"{}\">\u00a0<\/span><\/p>\n<p><span data-contrast=\"auto\">Germany<\/span><span data-ccp-props=\"{}\">\u00a0<\/span><\/p>\n<p><strong>Lieferadresse<\/strong><\/p>\n<p><span data-contrast=\"auto\">WE4ALL UG (haftungsbeschr\u00e4nkt) <\/span><\/p>\n<p><span data-contrast=\"auto\">IHK Berlin<br \/>\nFasanenstra\u00dfe 85<br \/>\n10623 Berlin\u00a0<\/span><\/p>\n<p><span data-ccp-props=\"{}\">\u00a0<\/span><\/p>\n<p><span data-contrast=\"auto\">Handelsregister: HRB 242156<\/span><br \/>\n<span data-contrast=\"auto\">Registergericht: Amtsgericht Berlin<\/span><span data-ccp-props=\"{}\">\u00a0<\/span><\/p>\n<p><span data-ccp-props=\"{}\"> <strong>Umsatzsteuer-Identifikationsnummer gem\u00e4\u00df \u00a7 27 a Umsatzsteuergesetz:<\/strong><\/span><\/p>\n<p>DE354151631<\/p>\n<p><b><span data-contrast=\"auto\">Vertreten durch dem Gesch\u00e4ftsf\u00fchrer: <\/span><\/b><span data-ccp-props=\"{}\">\u00a0<\/span><\/p>\n<p><span data-contrast=\"auto\">Nezar Al-Shakerchi<\/span><span data-ccp-props=\"{}\">\u00a0<\/span><\/p>\n<p><span data-ccp-props=\"{}\">\u00a0<\/span><\/p>\n<p><b><span data-contrast=\"auto\">Contact<\/span><\/b><span data-ccp-props=\"{}\">\u00a0<\/span><\/p>\n<p><span data-contrast=\"auto\">Telefon: +49 (0) 174 &#8211; 1973688<\/span><br \/>\n<span data-contrast=\"auto\">E-Mail: <\/span><a href=\"mailto:info@we4all.eu\"><span data-contrast=\"none\">info@we4all.eu<\/span><\/a><span data-contrast=\"auto\">\u00a0<\/span><span data-ccp-props=\"{}\">\u00a0<\/span><\/p>\n<p><span data-ccp-props=\"{}\">\u00a0<\/span><\/p>\n<p><b><span data-contrast=\"auto\">EU-Streitschlichtung<\/span><\/b><span data-ccp-props=\"{}\">\u00a0<\/span><\/p>\n<p><span data-contrast=\"auto\">Die Europ\u00e4ische Kommission stellt eine Plattform zur Online-Streitbeilegung (OS) bereit: <\/span><a href=\"https:\/\/ec.europa.eu\/consumers\/odr\"><span data-contrast=\"none\">https:\/\/ec.europa.eu\/consumers\/odr<\/span><\/a><span data-contrast=\"auto\">. Wir sind nicht bereit oder verpflichtet, an Streitbeilegungsverfahren vor einer Verbraucherschlichtungsstelle\/ Universalschlichtungsstelle teilzunehmen.<\/span><span data-ccp-props=\"{}\">\u00a0<\/span><\/p>\n<p><span data-ccp-props=\"{}\">\u00a0<\/span><\/p>\n<p><b><span data-contrast=\"auto\">Diese Impressen gelten auch f\u00fcr folgende Social Media Profile:<\/span><\/b><span data-ccp-props=\"{}\">\u00a0<\/span><\/p>\n<p><b><span data-contrast=\"auto\">Facebook<\/span><\/b><span data-contrast=\"auto\">: <\/span><a href=\"https:\/\/www.facebook.com\/We4All.eu\"><span data-contrast=\"none\">https:\/\/www.facebook.com\/We4All.eu<\/span><\/a><span data-ccp-props=\"{}\"><br \/>\n<\/span><b><span data-contrast=\"auto\">Instagram:<\/span><\/b> <a href=\"https:\/\/www.instagram.com\/we4all.eu\/\"><span data-contrast=\"none\">https:\/\/www.instagram.com\/we4all.eu\/<\/span><br \/>\n<\/a><b><span data-contrast=\"auto\">LinkedIn:\u00a0<\/span><\/b><span data-ccp-props=\"{}\">\u00a0<\/span><a href=\"https:\/\/www.linkedin.com\/company\/we4all-ug\">https:\/\/www.linkedin.com\/company\/we4all-ug<\/a><\/p>","protected":false},"excerpt":{"rendered":"<p>Angaben gem\u00e4\u00df \u00a7 5 TMG\u00a0 Gesch\u00e4ftsadresse WE4ALL UG (haftungsbeschr\u00e4nkt) Ella-Barowsky-Stra\u00dfe 69 10829 Berlin\u00a0 Deutschland\u00a0 Lieferadresse WE4ALL UG (haftungsbeschr\u00e4nkt) IHK Berlin Fasanenstra\u00dfe 85 10623 Berlin\u00a0 \u00a0 Handelsregister: HRB 242156 Registergericht: Amtsgericht Berlin\u00a0 Umsatzsteuer-Identifikationsnummer gem\u00e4\u00df \u00a7 27 a Umsatzsteuergesetz: DE354151631 Vertreten durch dem Gesch\u00e4ftsf\u00fchrer: \u00a0 Nezar Al-Shakerchi\u00a0 \u00a0 Kontakt\u00a0 Telefon: +49 (0) 174 &#8211; 1973688 E-Mail: info@we4all.eu\u00a0\u00a0 [&hellip;]<\/p>\n","protected":false},"author":11,"featured_media":0,"parent":0,"menu_order":0,"comment_status":"closed","ping_status":"closed","template":"","meta":{"footnotes":""},"class_list":["post-12","page","type-page","status-publish","hentry"],"yoast_head":"<!-- This site is optimized with the Yoast SEO plugin v20.12 - https:\/\/yoast.com\/wordpress\/plugins\/seo\/ -->\n<title>Impressum der Webseite - WE4ALL<\/title>\n<meta name=\"description\" content=\"Hiermit kommen wir unserer Impressumpflicht nach | Impressum\" \/>\n<meta name=\"robots\" content=\"noindex, follow\" \/>\n<meta property=\"og:locale\" content=\"en_US\" \/>\n<meta property=\"og:type\" content=\"article\" \/>\n<meta property=\"og:title\" content=\"Impressum der Webseite - WE4ALL\" \/>\n<meta property=\"og:description\" content=\"Hiermit kommen wir unserer Impressumpflicht nach | Impressum\" \/>\n<meta property=\"og:url\" content=\"https:\/\/we4all.eu\/en\/impressum\/\" \/>\n<meta property=\"og:site_name\" content=\"WE4ALL\" \/>\n<meta property=\"article:modified_time\" content=\"2024-02-12T16:28:33+00:00\" \/>\n<meta name=\"twitter:card\" content=\"summary_large_image\" \/>\n<meta name=\"twitter:label1\" content=\"Est. reading time\" \/>\n\t<meta name=\"twitter:data1\" content=\"1 minute\" \/>\n<script type=\"application\/ld+json\" class=\"yoast-schema-graph\">{\"@context\":\"https:\/\/schema.org\",\"@graph\":[{\"@type\":\"WebPage\",\"@id\":\"https:\/\/we4all.eu\/impressum\/\",\"url\":\"https:\/\/we4all.eu\/impressum\/\",\"name\":\"Impressum der Webseite - WE4ALL\",\"isPartOf\":{\"@id\":\"https:\/\/we4all.eu\/#website\"},\"datePublished\":\"2020-07-28T11:40:41+00:00\",\"dateModified\":\"2024-02-12T16:28:33+00:00\",\"description\":\"Hiermit kommen wir unserer Impressumpflicht nach | Impressum\",\"breadcrumb\":{\"@id\":\"https:\/\/we4all.eu\/impressum\/#breadcrumb\"},\"inLanguage\":\"en-US\",\"potentialAction\":[{\"@type\":\"ReadAction\",\"target\":[\"https:\/\/we4all.eu\/impressum\/\"]}]},{\"@type\":\"BreadcrumbList\",\"@id\":\"https:\/\/we4all.eu\/impressum\/#breadcrumb\",\"itemListElement\":[{\"@type\":\"ListItem\",\"position\":1,\"name\":\"Startseite\",\"item\":\"https:\/\/we4all.eu\/\"},{\"@type\":\"ListItem\",\"position\":2,\"name\":\"Impressum\"}]},{\"@type\":\"WebSite\",\"@id\":\"https:\/\/we4all.eu\/#website\",\"url\":\"https:\/\/we4all.eu\/\",\"name\":\"WE4ALL\",\"description\":\"\",\"publisher\":{\"@id\":\"https:\/\/we4all.eu\/#organization\"},\"potentialAction\":[{\"@type\":\"SearchAction\",\"target\":{\"@type\":\"EntryPoint\",\"urlTemplate\":\"https:\/\/we4all.eu\/?s={search_term_string}\"},\"query-input\":\"required name=search_term_string\"}],\"inLanguage\":\"en-US\"},{\"@type\":\"Organization\",\"@id\":\"https:\/\/we4all.eu\/#organization\",\"name\":\"WE4ALL\",\"url\":\"https:\/\/we4all.eu\/\",\"logo\":{\"@type\":\"ImageObject\",\"inLanguage\":\"en-US\",\"@id\":\"https:\/\/we4all.eu\/#\/schema\/logo\/image\/\",\"url\":\"https:\/\/we4all.eu\/wp-content\/uploads\/2024\/08\/Six-Minds-Logo-White-Green-Gold-Claim.png\",\"contentUrl\":\"https:\/\/we4all.eu\/wp-content\/uploads\/2024\/08\/Six-Minds-Logo-White-Green-Gold-Claim.png\",\"width\":1024,\"height\":253,\"caption\":\"WE4ALL\"},\"image\":{\"@id\":\"https:\/\/we4all.eu\/#\/schema\/logo\/image\/\"}}]}<\/script>\n<!-- \/ Yoast SEO plugin. -->","yoast_head_json":{"title":"Impressum der Webseite - WE4ALL","description":"Hiermit kommen wir unserer Impressumpflicht nach | Impressum","robots":{"index":"noindex","follow":"follow"},"og_locale":"en_US","og_type":"article","og_title":"Impressum der Webseite - WE4ALL","og_description":"Hiermit kommen wir unserer Impressumpflicht nach | Impressum","og_url":"https:\/\/we4all.eu\/en\/impressum\/","og_site_name":"WE4ALL","article_modified_time":"2024-02-12T16:28:33+00:00","twitter_card":"summary_large_image","twitter_misc":{"Est. reading time":"1 minute"},"schema":{"@context":"https:\/\/schema.org","@graph":[{"@type":"WebPage","@id":"https:\/\/we4all.eu\/impressum\/","url":"https:\/\/we4all.eu\/impressum\/","name":"Impressum der Webseite - WE4ALL","isPartOf":{"@id":"https:\/\/we4all.eu\/#website"},"datePublished":"2020-07-28T11:40:41+00:00","dateModified":"2024-02-12T16:28:33+00:00","description":"Hiermit kommen wir unserer Impressumpflicht nach | Impressum","breadcrumb":{"@id":"https:\/\/we4all.eu\/impressum\/#breadcrumb"},"inLanguage":"en-US","potentialAction":[{"@type":"ReadAction","target":["https:\/\/we4all.eu\/impressum\/"]}]},{"@type":"BreadcrumbList","@id":"https:\/\/we4all.eu\/impressum\/#breadcrumb","itemListElement":[{"@type":"ListItem","position":1,"name":"Startseite","item":"https:\/\/we4all.eu\/"},{"@type":"ListItem","position":2,"name":"Impressum"}]},{"@type":"WebSite","@id":"https:\/\/we4all.eu\/#website","url":"https:\/\/we4all.eu\/","name":"WE4ALL","description":"","publisher":{"@id":"https:\/\/we4all.eu\/#organization"},"potentialAction":[{"@type":"SearchAction","target":{"@type":"EntryPoint","urlTemplate":"https:\/\/we4all.eu\/?s={search_term_string}"},"query-input":"required name=search_term_string"}],"inLanguage":"en-US"},{"@type":"Organization","@id":"https:\/\/we4all.eu\/#organization","name":"WE4ALL","url":"https:\/\/we4all.eu\/","logo":{"@type":"ImageObject","inLanguage":"en-US","@id":"https:\/\/we4all.eu\/#\/schema\/logo\/image\/","url":"https:\/\/we4all.eu\/wp-content\/uploads\/2024\/08\/Six-Minds-Logo-White-Green-Gold-Claim.png","contentUrl":"https:\/\/we4all.eu\/wp-content\/uploads\/2024\/08\/Six-Minds-Logo-White-Green-Gold-Claim.png","width":1024,"height":253,"caption":"WE4ALL"},"image":{"@id":"https:\/\/we4all.eu\/#\/schema\/logo\/image\/"}}]}},"_links":{"self":[{"href":"https:\/\/we4all.eu\/en\/wp-json\/wp\/v2\/pages\/12","targetHints":{"allow":["GET"]}}],"collection":[{"href":"https:\/\/we4all.eu\/en\/wp-json\/wp\/v2\/pages"}],"about":[{"href":"https:\/\/we4all.eu\/en\/wp-json\/wp\/v2\/types\/page"}],"author":[{"embeddable":true,"href":"https:\/\/we4all.eu\/en\/wp-json\/wp\/v2\/users\/11"}],"replies":[{"embeddable":true,"href":"https:\/\/we4all.eu\/en\/wp-json\/wp\/v2\/comments?post=12"}],"version-history":[{"count":15,"href":"https:\/\/we4all.eu\/en\/wp-json\/wp\/v2\/pages\/12\/revisions"}],"predecessor-version":[{"id":3113,"href":"https:\/\/we4all.eu\/en\/wp-json\/wp\/v2\/pages\/12\/revisions\/3113"}],"wp:attachment":[{"href":"https:\/\/we4all.eu\/en\/wp-json\/wp\/v2\/media?parent=12"}],"curies":[{"name":"wp","href":"https:\/\/api.w.org\/{rel}","templated":true}]}}